{"id":2,"date":"2025-10-15T04:39:31","date_gmt":"2025-10-15T04:39:31","guid":{"rendered":"http:\/\/karatebornholm.dk\/?page_id=2"},"modified":"2026-02-04T16:04:34","modified_gmt":"2026-02-04T15:04:34","slug":"sample-page","status":"publish","type":"page","link":"https:\/\/karatebornholm.dk\/?page_id=2","title":{"rendered":"Information"},"content":{"rendered":"\n<div class=\"wp-block-group has-global-padding is-layout-constrained wp-block-group-is-layout-constrained\">\n<figure class=\"wp-block-image size-full\"><img loading=\"lazy\" decoding=\"async\" width=\"480\" height=\"444\" src=\"http:\/\/146.190.231.14\/wp-content\/uploads\/2026\/01\/Fellesskab-SH.png\" alt=\"\" class=\"wp-image-51\" srcset=\"https:\/\/karatebornholm.dk\/wp-content\/uploads\/2026\/01\/Fellesskab-SH.png 480w, https:\/\/karatebornholm.dk\/wp-content\/uploads\/2026\/01\/Fellesskab-SH-300x278.png 300w\" sizes=\"auto, (max-width: 480px) 100vw, 480px\" \/><\/figure>\n\n\n\n<div class=\"wp-block-group is-vertical is-layout-flex wp-container-core-group-is-layout-fe9cc265 wp-block-group-is-layout-flex\">\n<h3 class=\"wp-block-heading has-text-align-left\"><mark style=\"background-color:rgba(0, 0, 0, 0)\" class=\"has-inline-color has-accent-3-color\">JKA Karate<\/mark><\/h3>\n\n\n\n<p class=\"has-small-font-size\">Det tager normalt mellem 3 og 5 \u00e5r at blive sortb\u00e6lte i JKA Karate, afh\u00e6ngig af hvor meget og hvor seri\u00f8st man tr\u00e6ner.<\/p>\n\n\n\n<p class=\"has-small-font-size\">DVS Jo mere og h\u00e5rdere man tr\u00e6ner, jo hurtigere g\u00e5r det.<\/p>\n\n\n\n<p class=\"has-small-font-size\">Dermed ikke sagt, at man skal starte som barn for at blive dygtig &#8211; det er dedikationen og viljen der g\u00f8r forskellen i JKA karate. &nbsp;<\/p>\n\n\n\n<p class=\"has-small-font-size\">I JKA Karate er er der 3 ligev\u00e6rdige kategorier som man skal mestre, man kan ikke v\u00e6lge, men m\u00e5 dygtigg\u00f8re sig i alle tre.<\/p>\n\n\n\n<p class=\"has-small-font-size\">&#8211; Kihon: Basistr\u00e6ning, hvor gentagelser afenkelte bev\u00e6gelser skal tr\u00e6nes til perfektion, for at opn\u00e5 styrke og pr\u00e6cision i sin teknik.<\/p>\n\n\n\n<p class=\"has-small-font-size\">&#8211; Kata: Figur\u00f8velser, hvor man mangfoldigg\u00f8r sine bev\u00e6gelsesm\u00f8nstre til altid at holde ballance i krop og sj\u00e6l.<\/p>\n\n\n\n<p class=\"has-small-font-size\">&#8211; Kumite: Er den egentlige frikamp, hvor man med en modstander k\u00e6mper for at finpudse sine teknikker.<\/p>\n<\/div>\n<\/div>\n\n\n\n<div style=\"height:100px\" aria-hidden=\"true\" class=\"wp-block-spacer\"><\/div>\n\n\n\n<h3 class=\"wp-block-heading\"><mark style=\"background-color:rgba(0, 0, 0, 0)\" class=\"has-inline-color has-accent-3-color\">Tr\u00e6ningstider<\/mark><\/h3>\n\n\n\n<figure class=\"wp-block-table\"><table class=\"has-fixed-layout\"><thead><tr><th>Ugedag\/tid<\/th><th>16.30 &#8211; 18.00<\/th><th>18.00 &#8211; 19.30<\/th><\/tr><\/thead><tbody><tr><td>Mandag<\/td><td>B\u00f8rnehold 8 &#8211; 12 \u00e5r<br>Instrukt\u00f8r: Morten Tue<\/td><td>Voksenhold +12 \u00e5r<br>Instrukt\u00f8r: Claus Tue<\/td><\/tr><tr><td>Tirsdag<\/td><td><\/td><td>Det Gr\u00e5 Guld<\/td><\/tr><tr><td>Onsdag<\/td><td>B\u00f8rnehold 8 &#8211; 12 \u00e5r<br>Instrukt\u00f8r: Morten Tue<\/td><td>Voksenhold +12 \u00e5r<br>Instrukt\u00f8r: Claus Tue<\/td><\/tr><tr><td>Torsdag<\/td><td><\/td><td><\/td><\/tr><tr><td>Fredag<\/td><td>Kl. 16.00 &#8211; 17.00<br>Miniput 5 &#8211; 8 \u00e5r<br>Instrukt\u00f8r: Morten Tue<\/td><td><\/td><\/tr><\/tbody><\/table><\/figure>\n\n\n\n<div style=\"height:50px\" aria-hidden=\"true\" class=\"wp-block-spacer\"><\/div>\n\n\n\n<h3 class=\"wp-block-heading\"><mark style=\"background-color:rgba(0, 0, 0, 0)\" class=\"has-inline-color has-accent-3-color\">Gradueringer<\/mark><\/h3>\n\n\n\n<p class=\"has-small-font-size\">Der afholdes Gradueringer 4 gange om \u00e5ret. De afholdes alle Ultimo i m\u00e5nederne Marts, Juni, September og December.<\/p>\n\n\n\n<p class=\"has-small-font-size\">Normalt g\u00e5r elever til graduering 2 gange om \u00e5ret, &#8211; dog er dette afh\u00e6ngig af tr\u00e6ningsindsats i l\u00f8bet af den forgangne periode. <\/p>\n\n\n\n<p class=\"has-small-font-size\">Kravene for at g\u00e5 til graduering best\u00e5r i minimum 36 effektive tr\u00e6ningssessioner, at pensum er indarbejdet og kan udf\u00f8res, samt at instrukt\u00f8ren kan sige god for gradueringen.<\/p>\n\n\n\n<p class=\"has-small-font-size\">En graduering koster 150 kr.<\/p>\n\n\n\n<div style=\"height:50px\" aria-hidden=\"true\" class=\"wp-block-spacer\"><\/div>\n\n\n\n<h3 class=\"wp-block-heading\"><mark style=\"background-color:rgba(0, 0, 0, 0)\" class=\"has-inline-color has-accent-3-color\">Kontingent<\/mark><\/h3>\n\n\n\n<p class=\"has-medium-font-size\">Miniput 5-7 \u00e5r.<\/p>\n\n\n\n<p class=\"has-small-font-size\">100 kr. pr m\u00e5ned, som prim\u00e6rt g\u00e5r til at k\u00f8be frugt og saft til, som kan indtages i midten af timen.<\/p>\n\n\n\n<p class=\"has-medium-font-size\">B\u00f8rn u\/15 \u00e5r<\/p>\n\n\n\n<p class=\"has-small-font-size\">150 kr M\u00e5neden.<\/p>\n\n\n\n<p class=\"has-medium-font-size\">Voksne, 0ver 15 \u00e5r<\/p>\n\n\n\n<p class=\"has-small-font-size\">200 kr. m\u00e5neden.<\/p>\n\n\n\n<div style=\"height:50px\" aria-hidden=\"true\" class=\"wp-block-spacer\"><\/div>\n\n\n\n<h3 class=\"wp-block-heading\"><mark style=\"background-color:rgba(0, 0, 0, 0)\" class=\"has-inline-color has-accent-3-color\">St\u00f8tteforening<\/mark><\/h3>\n\n\n\n<p>R\u00f8nne Shotokan Karate Do Kai JKA har oprettet en st\u00f8tteforening, som administrere Gradueringer, motionsrummet og Salg af Gi&#8217;er.<\/p>\n\n\n\n<p>Som for\u00e6ldre eller p\u00e5r\u00f8rende til elever der tr\u00e6ner Karate, kan du melde dig ind i St\u00f8tteforeningen, og f\u00e5 adgang til vores motionsrum og v\u00e6re aktiv samtidig med med der tr\u00e6nes Karate i Dojoen.<\/p>\n\n\n\n<p class=\"has-text-align-center\"><mark style=\"background-color:rgba(0, 0, 0, 0)\" class=\"has-inline-color has-accent-3-color\"><em>Det kalder vi aktiv ventetid.<\/em><\/mark><\/p>\n\n\n\n<div style=\"height:25px\" aria-hidden=\"true\" class=\"wp-block-spacer\"><\/div>\n\n\n\n<p class=\"has-text-align-right has-medium-font-size\"><a href=\"https:\/\/karatebornholm.dk\/?page_id=20\" data-type=\"page\" data-id=\"20\">Se kontakt oplysninger &gt;<\/a><\/p>\n\n\n\n<p><\/p>\n","protected":false},"excerpt":{"rendered":"<p>JKA Karate Det tager normalt mellem 3 og 5 \u00e5r at blive sortb\u00e6lte i JKA Karate, afh\u00e6ngig af hvor meget og hvor seri\u00f8st man tr\u00e6ner. DVS Jo mere og h\u00e5rdere man tr\u00e6ner, jo hurtigere g\u00e5r det. Dermed ikke sagt, at man skal starte som barn for at blive dygtig &#8211; det er dedikationen og viljen [&hellip;]<\/p>\n","protected":false},"author":1,"featured_media":0,"parent":0,"menu_order":1,"comment_status":"closed","ping_status":"closed","template":"","meta":{"footnotes":""},"class_list":["post-2","page","type-page","status-publish","hentry"],"_links":{"self":[{"href":"https:\/\/karatebornholm.dk\/index.php?rest_route=\/wp\/v2\/pages\/2","targetHints":{"allow":["GET"]}}],"collection":[{"href":"https:\/\/karatebornholm.dk\/index.php?rest_route=\/wp\/v2\/pages"}],"about":[{"href":"https:\/\/karatebornholm.dk\/index.php?rest_route=\/wp\/v2\/types\/page"}],"author":[{"embeddable":true,"href":"https:\/\/karatebornholm.dk\/index.php?rest_route=\/wp\/v2\/users\/1"}],"replies":[{"embeddable":true,"href":"https:\/\/karatebornholm.dk\/index.php?rest_route=%2Fwp%2Fv2%2Fcomments&post=2"}],"version-history":[{"count":18,"href":"https:\/\/karatebornholm.dk\/index.php?rest_route=\/wp\/v2\/pages\/2\/revisions"}],"predecessor-version":[{"id":91,"href":"https:\/\/karatebornholm.dk\/index.php?rest_route=\/wp\/v2\/pages\/2\/revisions\/91"}],"wp:attachment":[{"href":"https:\/\/karatebornholm.dk\/index.php?rest_route=%2Fwp%2Fv2%2Fmedia&parent=2"}],"curies":[{"name":"wp","href":"https:\/\/api.w.org\/{rel}","templated":true}]}}