{"id":20,"date":"2025-10-15T08:29:44","date_gmt":"2025-10-15T08:29:44","guid":{"rendered":"http:\/\/146.190.231.14\/?page_id=20"},"modified":"2026-02-04T16:04:16","modified_gmt":"2026-02-04T15:04:16","slug":"kontakt-os","status":"publish","type":"page","link":"https:\/\/karatebornholm.dk\/?page_id=20","title":{"rendered":"Kontakt os"},"content":{"rendered":"\n<div class=\"wp-block-group alignfull has-accent-3-background-color has-background is-vertical is-content-justification-center is-layout-flex wp-container-core-group-is-layout-623b1cb9 wp-block-group-is-layout-flex\" style=\"min-height:100vh;margin-top:0;margin-bottom:0;padding-top:var(--wp--preset--spacing--60);padding-right:var(--wp--preset--spacing--50);padding-bottom:var(--wp--preset--spacing--60);padding-left:var(--wp--preset--spacing--50)\">\n<div class=\"wp-block-group has-global-padding is-layout-constrained wp-block-group-is-layout-constrained\">\n<div class=\"wp-block-columns is-layout-flex wp-container-core-columns-is-layout-28f84493 wp-block-columns-is-layout-flex\">\n<div class=\"wp-block-column is-layout-flow wp-block-column-is-layout-flow\" style=\"flex-basis:70%\">\n<figure class=\"wp-block-image size-full\"><img loading=\"lazy\" decoding=\"async\" width=\"600\" height=\"600\" src=\"https:\/\/karatebornholm.dk\/wp-content\/uploads\/2026\/02\/claus.jpeg\" alt=\"\" class=\"wp-image-89\" srcset=\"https:\/\/karatebornholm.dk\/wp-content\/uploads\/2026\/02\/claus.jpeg 600w, https:\/\/karatebornholm.dk\/wp-content\/uploads\/2026\/02\/claus-300x300.jpeg 300w, https:\/\/karatebornholm.dk\/wp-content\/uploads\/2026\/02\/claus-150x150.jpeg 150w\" sizes=\"auto, (max-width: 600px) 100vw, 600px\" \/><\/figure>\n<\/div>\n\n\n\n<div class=\"wp-block-column is-layout-flow wp-block-column-is-layout-flow\" style=\"flex-basis:30%\">\n<p class=\"has-text-align-right\">Formand:<\/p>\n\n\n\n<p class=\"has-text-align-right has-small-font-size\">Claus Tue Pedersen<\/p>\n\n\n\n<p class=\"has-text-align-right has-small-font-size\">30182139<\/p>\n\n\n\n<p class=\"has-text-align-right\">Instrukt\u00f8r B\u00f8rnehold:<\/p>\n\n\n\n<p class=\"has-text-align-right has-small-font-size\">Morten Tue<\/p>\n\n\n\n<p class=\"has-text-align-right has-small-font-size\">31705708<\/p>\n\n\n\n<p class=\"has-text-align-right\">Kontakt Miniput holdet:<\/p>\n\n\n\n<p class=\"has-text-align-right has-small-font-size\">Katja R\u00f8mer<\/p>\n\n\n\n<p class=\"has-text-align-right has-small-font-size\">311719401<\/p>\n<\/div>\n<\/div>\n\n\n\n<div class=\"wp-block-group has-global-padding is-layout-constrained wp-block-group-is-layout-constrained\">\n<figure class=\"wp-block-image alignright size-full\"><img loading=\"lazy\" decoding=\"async\" width=\"449\" height=\"199\" src=\"http:\/\/146.190.231.14\/wp-content\/uploads\/2026\/01\/Kata001-SH.png\" alt=\"\" class=\"wp-image-71\" srcset=\"https:\/\/karatebornholm.dk\/wp-content\/uploads\/2026\/01\/Kata001-SH.png 449w, https:\/\/karatebornholm.dk\/wp-content\/uploads\/2026\/01\/Kata001-SH-300x133.png 300w\" sizes=\"auto, (max-width: 449px) 100vw, 449px\" \/><\/figure>\n\n\n\n<div style=\"height:100px\" aria-hidden=\"true\" class=\"wp-block-spacer\"><\/div>\n\n\n\n<h4 class=\"wp-block-heading\"><mark style=\"background-color:rgba(0, 0, 0, 0)\" class=\"has-inline-color has-base-color\">Her bor vi:<\/mark><\/h4>\n\n\n\n<p class=\"has-medium-font-size\">Ved Lunden 10, 3700 R\u00f8nne<\/p>\n\n\n\n<p><a href=\"https:\/\/www.facebook.com\/groups\/JKAKarateBornholm\">Facebook<\/a><\/p>\n<\/div>\n<\/div>\n<\/div>\n","protected":false},"excerpt":{"rendered":"<p>Formand: Claus Tue Pedersen 30182139 Instrukt\u00f8r B\u00f8rnehold: Morten Tue 31705708 Kontakt Miniput holdet: Katja R\u00f8mer 311719401 Her bor vi: Ved Lunden 10, 3700 R\u00f8nne Facebook<\/p>\n","protected":false},"author":1,"featured_media":0,"parent":0,"menu_order":3,"comment_status":"closed","ping_status":"closed","template":"","meta":{"footnotes":""},"class_list":["post-20","page","type-page","status-publish","hentry"],"_links":{"self":[{"href":"https:\/\/karatebornholm.dk\/index.php?rest_route=\/wp\/v2\/pages\/20","targetHints":{"allow":["GET"]}}],"collection":[{"href":"https:\/\/karatebornholm.dk\/index.php?rest_route=\/wp\/v2\/pages"}],"about":[{"href":"https:\/\/karatebornholm.dk\/index.php?rest_route=\/wp\/v2\/types\/page"}],"author":[{"embeddable":true,"href":"https:\/\/karatebornholm.dk\/index.php?rest_route=\/wp\/v2\/users\/1"}],"replies":[{"embeddable":true,"href":"https:\/\/karatebornholm.dk\/index.php?rest_route=%2Fwp%2Fv2%2Fcomments&post=20"}],"version-history":[{"count":16,"href":"https:\/\/karatebornholm.dk\/index.php?rest_route=\/wp\/v2\/pages\/20\/revisions"}],"predecessor-version":[{"id":90,"href":"https:\/\/karatebornholm.dk\/index.php?rest_route=\/wp\/v2\/pages\/20\/revisions\/90"}],"wp:attachment":[{"href":"https:\/\/karatebornholm.dk\/index.php?rest_route=%2Fwp%2Fv2%2Fmedia&parent=20"}],"curies":[{"name":"wp","href":"https:\/\/api.w.org\/{rel}","templated":true}]}}